{"id":1245,"date":"2010-04-20T13:27:42","date_gmt":"2010-04-20T11:27:42","guid":{"rendered":"http:\/\/houpier.blog.uhp-nancy.fr\/?page_id=1245"},"modified":"2010-04-20T13:27:42","modified_gmt":"2010-04-20T11:27:42","slug":"xid-ocn-xisbn","status":"publish","type":"page","link":"https:\/\/houpier.fr\/?page_id=1245","title":{"rendered":"xID &#8211; OCN &#8211; xISBN&#8230;"},"content":{"rendered":"<p><strong>xID<\/strong> est un <a href=\"http:\/\/xisbn.worldcat.org\/xisbnadmin\/xoclcnum\/api.htm\" target=\"_blank\" rel=\"noopener noreferrer\">web service OCLC<\/a> qui renvoie des ID associ\u00e9s tels que : ISSN, OCN (ou num\u00e9ro OCLC)&#8230; L&rsquo;utilisation de ce web service est utile pour les p\u00e9riodiques, par exemple, ou pour faire le lien avec <a href=\"http:\/\/books.google.fr\/\" target=\"_blank\" rel=\"noopener noreferrer\">Google Book Search<\/a> dont l&rsquo;ID utilis\u00e9 est le num\u00e9ro OCLC ; surtout que les num\u00e9ros OCLC vont \u00eatre charg\u00e9s dans les notices Sudoc, suite \u00e0 l&rsquo;accord avec Worldcat. Il se pose alors le probl\u00e8me du chargement de ces num\u00e9ros OCLC dans les SIGB locaux, car cette information ne redescendra que lors d&rsquo;une modification de notice, il faudrait pr\u00e9voir un rechargement total des catalogues locaux&#8230;<\/p>\n","protected":false},"excerpt":{"rendered":"<p>xID est un web service OCLC qui renvoie des ID associ\u00e9s tels que : ISSN, OCN (ou num\u00e9ro OCLC)&#8230; L&rsquo;utilisation de ce web service est utile pour les p\u00e9riodiques, par exemple, ou pour faire le lien avec Google Book Search dont l&rsquo;ID utilis\u00e9 est le num\u00e9ro OCLC ; surtout que les num\u00e9ros OCLC vont \u00eatre &hellip; <\/p>\n<p class=\"link-more\"><a href=\"https:\/\/houpier.fr\/?page_id=1245\" class=\"more-link\">Continuer la lecture<span class=\"screen-reader-text\"> de &laquo;&nbsp;xID &#8211; OCN &#8211; xISBN&#8230;&nbsp;&raquo;<\/span><\/a><\/p>\n","protected":false},"author":1,"featured_media":0,"parent":637,"menu_order":0,"comment_status":"open","ping_status":"open","template":"","meta":{"footnotes":""},"class_list":["post-1245","page","type-page","status-publish","hentry"],"_links":{"self":[{"href":"https:\/\/houpier.fr\/index.php?rest_route=\/wp\/v2\/pages\/1245","targetHints":{"allow":["GET"]}}],"collection":[{"href":"https:\/\/houpier.fr\/index.php?rest_route=\/wp\/v2\/pages"}],"about":[{"href":"https:\/\/houpier.fr\/index.php?rest_route=\/wp\/v2\/types\/page"}],"author":[{"embeddable":true,"href":"https:\/\/houpier.fr\/index.php?rest_route=\/wp\/v2\/users\/1"}],"replies":[{"embeddable":true,"href":"https:\/\/houpier.fr\/index.php?rest_route=%2Fwp%2Fv2%2Fcomments&post=1245"}],"version-history":[{"count":0,"href":"https:\/\/houpier.fr\/index.php?rest_route=\/wp\/v2\/pages\/1245\/revisions"}],"up":[{"embeddable":true,"href":"https:\/\/houpier.fr\/index.php?rest_route=\/wp\/v2\/pages\/637"}],"wp:attachment":[{"href":"https:\/\/houpier.fr\/index.php?rest_route=%2Fwp%2Fv2%2Fmedia&parent=1245"}],"curies":[{"name":"wp","href":"https:\/\/api.w.org\/{rel}","templated":true}]}}