{"id":1369,"date":"2010-11-03T14:30:48","date_gmt":"2010-11-03T12:30:48","guid":{"rendered":"http:\/\/houpier.blog.uhp-nancy.fr\/?page_id=1369"},"modified":"2010-11-03T14:30:48","modified_gmt":"2010-11-03T12:30:48","slug":"oapen","status":"publish","type":"page","link":"https:\/\/houpier.fr\/?page_id=1369","title":{"rendered":"OAPEN"},"content":{"rendered":"<p><a href=\"http:\/\/www.oapen.org\/xtf\/home?brand=oapen\" target=\"_blank\" rel=\"noopener noreferrer\">OAPEN<\/a> = Open Access Publishing in European Networks<\/p>\n<p>Projet europ\u00e9en\u00a0sur les mod\u00e8les d\u2019\u00e9dition en libre acc\u00e8s et les mod\u00e8les de march\u00e9s pour les livres<\/p>\n","protected":false},"excerpt":{"rendered":"<p>OAPEN = Open Access Publishing in European Networks Projet europ\u00e9en\u00a0sur les mod\u00e8les d\u2019\u00e9dition en libre acc\u00e8s et les mod\u00e8les de march\u00e9s pour les livres<\/p>\n","protected":false},"author":1,"featured_media":0,"parent":637,"menu_order":0,"comment_status":"open","ping_status":"open","template":"","meta":{"footnotes":""},"class_list":["post-1369","page","type-page","status-publish","hentry"],"_links":{"self":[{"href":"https:\/\/houpier.fr\/index.php?rest_route=\/wp\/v2\/pages\/1369","targetHints":{"allow":["GET"]}}],"collection":[{"href":"https:\/\/houpier.fr\/index.php?rest_route=\/wp\/v2\/pages"}],"about":[{"href":"https:\/\/houpier.fr\/index.php?rest_route=\/wp\/v2\/types\/page"}],"author":[{"embeddable":true,"href":"https:\/\/houpier.fr\/index.php?rest_route=\/wp\/v2\/users\/1"}],"replies":[{"embeddable":true,"href":"https:\/\/houpier.fr\/index.php?rest_route=%2Fwp%2Fv2%2Fcomments&post=1369"}],"version-history":[{"count":0,"href":"https:\/\/houpier.fr\/index.php?rest_route=\/wp\/v2\/pages\/1369\/revisions"}],"up":[{"embeddable":true,"href":"https:\/\/houpier.fr\/index.php?rest_route=\/wp\/v2\/pages\/637"}],"wp:attachment":[{"href":"https:\/\/houpier.fr\/index.php?rest_route=%2Fwp%2Fv2%2Fmedia&parent=1369"}],"curies":[{"name":"wp","href":"https:\/\/api.w.org\/{rel}","templated":true}]}}