{"id":555,"date":"2009-11-18T10:41:07","date_gmt":"2009-11-18T08:41:07","guid":{"rendered":"http:\/\/houpier.blog.uhp-nancy.fr\/?page_id=555"},"modified":"2009-11-18T10:41:07","modified_gmt":"2009-11-18T08:41:07","slug":"journee-detude-adbs-191109","status":"publish","type":"page","link":"https:\/\/houpier.fr\/?page_id=555","title":{"rendered":"ADBS (19\/11\/09)"},"content":{"rendered":"<p><img loading=\"lazy\" decoding=\"async\" class=\"alignleft size-full wp-image-573\" src=\"http:\/\/houpier.fr\/wp-content\/uploads\/2009\/11\/adbs.png\" alt=\"adbs\" width=\"51\" height=\"69\" \/><br \/>\n<strong>Retour d&rsquo;exp\u00e9rience sur la mise en place d\u2019une plateforme de blogs et de wikis \u00e0 l\u2019Universit\u00e9 Henri Poincar\u00e9 de Nancy<\/strong><\/p>\n<p>Journ\u00e9e d&rsquo;\u00e9tude ADBS &#8211; CCI de la Moselle<\/p>\n<p><strong>______________________________________________________________<br \/>\n<\/strong><\/p>\n<p>&#8211; Plateforme de wikis (JF Lutz)<\/p>\n<p>&#8211; Une plateforme de blogs, pour quelle utilit\u00e9 ?<\/p>\n<ul>\n<li>Le blog : outil du biblioth\u00e9caire ?<\/li>\n<li>cf journ\u00e9e sur la <a href=\"http:\/\/houpier.blog.uhp-nancy.fr\/2009\/11\/09\/mediation-numerique\/\">m\u00e9diation num\u00e9rique<\/a><\/li>\n<\/ul>\n<p>&#8211; Place du blog dans la politique de m\u00e9diation num\u00e9rique<\/p>\n<ul>\n<li>Le site web : <a href=\"http:\/\/scd.uhp-nancy.fr\">http:\/\/scd.uhp-nancy.fr<\/a><\/li>\n<li>Un \u00ab\u00a0nuage de blogs\u00a0\u00bb : <a href=\"http:\/\/orthophonie.blog.uhp-nancy.fr\/\">Orthophonie<\/a>, <a href=\"http:\/\/ifsi.blog.uhp-nancy.fr\/\">IFSI<\/a>, &#8230;<\/li>\n<\/ul>\n<p>&#8211; Un peu de technique&#8230;<\/p>\n<ul>\n<li><a href=\"http:\/\/www.google.com\/reader\/view\/\">Collecte de l&rsquo;information<\/a><\/li>\n<li><a href=\"http:\/\/feed43.com\/feed.html?name=4337670363572383\">Fils RSS sur page web<\/a><\/li>\n<li>Alimentation du blog (agr\u00e9gat de fils RSS, envoyer \u00e0)<\/li>\n<\/ul>\n<p>&#8211; Questions ?<\/p>\n","protected":false},"excerpt":{"rendered":"<p>Retour d&rsquo;exp\u00e9rience sur la mise en place d\u2019une plateforme de blogs et de wikis \u00e0 l\u2019Universit\u00e9 Henri Poincar\u00e9 de Nancy Journ\u00e9e d&rsquo;\u00e9tude ADBS &#8211; CCI de la Moselle ______________________________________________________________ &#8211; Plateforme de wikis (JF Lutz) &#8211; Une plateforme de blogs, pour quelle utilit\u00e9 ? Le blog : outil du biblioth\u00e9caire ? cf journ\u00e9e sur la &hellip; <\/p>\n<p class=\"link-more\"><a href=\"https:\/\/houpier.fr\/?page_id=555\" class=\"more-link\">Continuer la lecture<span class=\"screen-reader-text\"> de &laquo;&nbsp;ADBS (19\/11\/09)&nbsp;&raquo;<\/span><\/a><\/p>\n","protected":false},"author":1,"featured_media":0,"parent":578,"menu_order":20,"comment_status":"open","ping_status":"open","template":"","meta":{"footnotes":""},"class_list":["post-555","page","type-page","status-publish","hentry"],"_links":{"self":[{"href":"https:\/\/houpier.fr\/index.php?rest_route=\/wp\/v2\/pages\/555","targetHints":{"allow":["GET"]}}],"collection":[{"href":"https:\/\/houpier.fr\/index.php?rest_route=\/wp\/v2\/pages"}],"about":[{"href":"https:\/\/houpier.fr\/index.php?rest_route=\/wp\/v2\/types\/page"}],"author":[{"embeddable":true,"href":"https:\/\/houpier.fr\/index.php?rest_route=\/wp\/v2\/users\/1"}],"replies":[{"embeddable":true,"href":"https:\/\/houpier.fr\/index.php?rest_route=%2Fwp%2Fv2%2Fcomments&post=555"}],"version-history":[{"count":0,"href":"https:\/\/houpier.fr\/index.php?rest_route=\/wp\/v2\/pages\/555\/revisions"}],"up":[{"embeddable":true,"href":"https:\/\/houpier.fr\/index.php?rest_route=\/wp\/v2\/pages\/578"}],"wp:attachment":[{"href":"https:\/\/houpier.fr\/index.php?rest_route=%2Fwp%2Fv2%2Fmedia&parent=555"}],"curies":[{"name":"wp","href":"https:\/\/api.w.org\/{rel}","templated":true}]}}