{"id":648,"date":"2010-01-06T14:50:46","date_gmt":"2010-01-06T12:50:46","guid":{"rendered":"http:\/\/houpier.blog.uhp-nancy.fr\/?page_id=648"},"modified":"2010-01-06T14:50:46","modified_gmt":"2010-01-06T12:50:46","slug":"roar","status":"publish","type":"page","link":"https:\/\/houpier.fr\/?page_id=648","title":{"rendered":"ROAR"},"content":{"rendered":"<p><a href=\"http:\/\/roar.eprints.org\/\" target=\"_blank\" rel=\"noopener noreferrer\">Registry of Open Access Repositories<\/a><\/p>\n<p>Il s&rsquo;agit d&rsquo;un portail des entrep\u00f4ts documentaires signal\u00e9s dans le monde.<\/p>\n<p>Cet outil signale les caract\u00e9ristiques techniques de l&rsquo;entrep\u00f4t permettant de mettre en place son moissonnage, ainsi que les donn\u00e9es chiffr\u00e9es de son alimentation.<\/p>\n","protected":false},"excerpt":{"rendered":"<p>Registry of Open Access Repositories Il s&rsquo;agit d&rsquo;un portail des entrep\u00f4ts documentaires signal\u00e9s dans le monde. Cet outil signale les caract\u00e9ristiques techniques de l&rsquo;entrep\u00f4t permettant de mettre en place son moissonnage, ainsi que les donn\u00e9es chiffr\u00e9es de son alimentation.<\/p>\n","protected":false},"author":1,"featured_media":0,"parent":637,"menu_order":0,"comment_status":"open","ping_status":"open","template":"","meta":{"footnotes":""},"class_list":["post-648","page","type-page","status-publish","hentry"],"_links":{"self":[{"href":"https:\/\/houpier.fr\/index.php?rest_route=\/wp\/v2\/pages\/648","targetHints":{"allow":["GET"]}}],"collection":[{"href":"https:\/\/houpier.fr\/index.php?rest_route=\/wp\/v2\/pages"}],"about":[{"href":"https:\/\/houpier.fr\/index.php?rest_route=\/wp\/v2\/types\/page"}],"author":[{"embeddable":true,"href":"https:\/\/houpier.fr\/index.php?rest_route=\/wp\/v2\/users\/1"}],"replies":[{"embeddable":true,"href":"https:\/\/houpier.fr\/index.php?rest_route=%2Fwp%2Fv2%2Fcomments&post=648"}],"version-history":[{"count":0,"href":"https:\/\/houpier.fr\/index.php?rest_route=\/wp\/v2\/pages\/648\/revisions"}],"up":[{"embeddable":true,"href":"https:\/\/houpier.fr\/index.php?rest_route=\/wp\/v2\/pages\/637"}],"wp:attachment":[{"href":"https:\/\/houpier.fr\/index.php?rest_route=%2Fwp%2Fv2%2Fmedia&parent=648"}],"curies":[{"name":"wp","href":"https:\/\/api.w.org\/{rel}","templated":true}]}}