{"id":654,"date":"2010-01-06T14:54:29","date_gmt":"2010-01-06T12:54:29","guid":{"rendered":"http:\/\/houpier.blog.uhp-nancy.fr\/?page_id=654"},"modified":"2010-01-06T14:54:29","modified_gmt":"2010-01-06T12:54:29","slug":"eos","status":"publish","type":"page","link":"https:\/\/houpier.fr\/?page_id=654","title":{"rendered":"EOS"},"content":{"rendered":"<p><a href=\"http:\/\/www.openscholarship.org\/jcms\/j_6\/accueil\" target=\"_blank\" rel=\"noopener noreferrer\">Enabling Open Scholarship<\/a> est un mouvement mondial f\u00e9d\u00e9rant les universit\u00e9s, afin de g\u00e9n\u00e9raliser l&rsquo;<strong>obligation de d\u00e9p\u00f4t<\/strong>, des productions universitaires des enseignants-chercheurs,\u00a0dans les r\u00e9servoirs institutionnels.<\/p>\n<p>Les <a href=\"http:\/\/recteur.blogs.ulg.ac.be\/?p=283\" target=\"_blank\" rel=\"noopener noreferrer\">explications du Recteur Rentier<\/a> (Universit\u00e9 de Li\u00e8ge)<\/p>\n","protected":false},"excerpt":{"rendered":"<p>Enabling Open Scholarship est un mouvement mondial f\u00e9d\u00e9rant les universit\u00e9s, afin de g\u00e9n\u00e9raliser l&rsquo;obligation de d\u00e9p\u00f4t, des productions universitaires des enseignants-chercheurs,\u00a0dans les r\u00e9servoirs institutionnels. Les explications du Recteur Rentier (Universit\u00e9 de Li\u00e8ge)<\/p>\n","protected":false},"author":1,"featured_media":0,"parent":637,"menu_order":0,"comment_status":"open","ping_status":"open","template":"","meta":{"footnotes":""},"class_list":["post-654","page","type-page","status-publish","hentry"],"_links":{"self":[{"href":"https:\/\/houpier.fr\/index.php?rest_route=\/wp\/v2\/pages\/654","targetHints":{"allow":["GET"]}}],"collection":[{"href":"https:\/\/houpier.fr\/index.php?rest_route=\/wp\/v2\/pages"}],"about":[{"href":"https:\/\/houpier.fr\/index.php?rest_route=\/wp\/v2\/types\/page"}],"author":[{"embeddable":true,"href":"https:\/\/houpier.fr\/index.php?rest_route=\/wp\/v2\/users\/1"}],"replies":[{"embeddable":true,"href":"https:\/\/houpier.fr\/index.php?rest_route=%2Fwp%2Fv2%2Fcomments&post=654"}],"version-history":[{"count":0,"href":"https:\/\/houpier.fr\/index.php?rest_route=\/wp\/v2\/pages\/654\/revisions"}],"up":[{"embeddable":true,"href":"https:\/\/houpier.fr\/index.php?rest_route=\/wp\/v2\/pages\/637"}],"wp:attachment":[{"href":"https:\/\/houpier.fr\/index.php?rest_route=%2Fwp%2Fv2%2Fmedia&parent=654"}],"curies":[{"name":"wp","href":"https:\/\/api.w.org\/{rel}","templated":true}]}}