{"id":659,"date":"2010-01-06T14:59:02","date_gmt":"2010-01-06T12:59:02","guid":{"rendered":"http:\/\/houpier.blog.uhp-nancy.fr\/?page_id=659"},"modified":"2010-01-06T14:59:02","modified_gmt":"2010-01-06T12:59:02","slug":"driver","status":"publish","type":"page","link":"https:\/\/houpier.fr\/?page_id=659","title":{"rendered":"DRIVER"},"content":{"rendered":"<p><a href=\"http:\/\/www.driver-repository.eu\/\" target=\"_blank\" rel=\"noopener noreferrer\">Digital Repository Infrastructure Vision for European Research<\/a><\/p>\n<p>Consid\u00e9r\u00e9e comme la plus importante initiative du genre, dans le monde entier, contribuant \u00e0 am\u00e9liorer le d\u00e9veloppement des archives ouvertes, DRIVER est une initiative dont la vision et l&rsquo;objectif principal est de cr\u00e9er une &lsquo;infrastructure pan-europ\u00e9enne pour les entrep\u00f4ts num\u00e9riques, offrant des services de pointe et des fonctionnalit\u00e9s\u00a0pour les chercheurs, les administrateurs et le grand public.<br \/>\nDRIVER a \u00e9tabli un r\u00e9seau d&rsquo;experts et des r\u00e9f\u00e9rentiels Open Access.\u00a0DRIVER-II permettra de consolider ces efforts et de transformer l&rsquo;essai par une extension du r\u00e9seau \u00e0 une conf\u00e9d\u00e9ration plus vaste d&rsquo;entrep\u00f4ts.\u00a0DRIVER est partie int\u00e9grante de la gamme d&rsquo;infrastructures \u00e9lectroniques qui ont \u00e9merg\u00e9 dans le r\u00e9seau G\u00c9ANT pour le monde entier et est donc financ\u00e9 dans le cadre du e-call Infrastructures du 7e programme cadre de la Commission europ\u00e9enne<\/p>\n<p>\u00ab\u00a0DRIVER vise \u00e0 optimiser l&rsquo;e-infrastructure qui est utilis\u00e9e pour stocker des connaissances, ajouter de la valeur aux donn\u00e9es de recherche primaire et secondaire, rendre la recherche d&rsquo;information plus efficace, offrir un atout pr\u00e9cieux pour l&rsquo;industrie, et de proposer une passerelle entre la recherche et l&rsquo;\u00e9ducation.\u00a0\u00bb<\/p>\n","protected":false},"excerpt":{"rendered":"<p>Digital Repository Infrastructure Vision for European Research Consid\u00e9r\u00e9e comme la plus importante initiative du genre, dans le monde entier, contribuant \u00e0 am\u00e9liorer le d\u00e9veloppement des archives ouvertes, DRIVER est une initiative dont la vision et l&rsquo;objectif principal est de cr\u00e9er une &lsquo;infrastructure pan-europ\u00e9enne pour les entrep\u00f4ts num\u00e9riques, offrant des services de pointe et des fonctionnalit\u00e9s\u00a0pour &hellip; <\/p>\n<p class=\"link-more\"><a href=\"https:\/\/houpier.fr\/?page_id=659\" class=\"more-link\">Continuer la lecture<span class=\"screen-reader-text\"> de &laquo;&nbsp;DRIVER&nbsp;&raquo;<\/span><\/a><\/p>\n","protected":false},"author":1,"featured_media":0,"parent":637,"menu_order":0,"comment_status":"open","ping_status":"open","template":"","meta":{"footnotes":""},"class_list":["post-659","page","type-page","status-publish","hentry"],"_links":{"self":[{"href":"https:\/\/houpier.fr\/index.php?rest_route=\/wp\/v2\/pages\/659","targetHints":{"allow":["GET"]}}],"collection":[{"href":"https:\/\/houpier.fr\/index.php?rest_route=\/wp\/v2\/pages"}],"about":[{"href":"https:\/\/houpier.fr\/index.php?rest_route=\/wp\/v2\/types\/page"}],"author":[{"embeddable":true,"href":"https:\/\/houpier.fr\/index.php?rest_route=\/wp\/v2\/users\/1"}],"replies":[{"embeddable":true,"href":"https:\/\/houpier.fr\/index.php?rest_route=%2Fwp%2Fv2%2Fcomments&post=659"}],"version-history":[{"count":0,"href":"https:\/\/houpier.fr\/index.php?rest_route=\/wp\/v2\/pages\/659\/revisions"}],"up":[{"embeddable":true,"href":"https:\/\/houpier.fr\/index.php?rest_route=\/wp\/v2\/pages\/637"}],"wp:attachment":[{"href":"https:\/\/houpier.fr\/index.php?rest_route=%2Fwp%2Fv2%2Fmedia&parent=659"}],"curies":[{"name":"wp","href":"https:\/\/api.w.org\/{rel}","templated":true}]}}