{"id":668,"date":"2010-01-06T15:18:37","date_gmt":"2010-01-06T13:18:37","guid":{"rendered":"http:\/\/houpier.blog.uhp-nancy.fr\/?page_id=665"},"modified":"2010-01-06T15:18:37","modified_gmt":"2010-01-06T13:18:37","slug":"pubmed","status":"publish","type":"page","link":"https:\/\/houpier.fr\/?page_id=668","title":{"rendered":"PubMed Central"},"content":{"rendered":"<p><a href=\"http:\/\/www.ncbi.nlm.nih.gov\/pmc\/\" target=\"_blank\" rel=\"noopener noreferrer\">PubMed Central<\/a> est une archive num\u00e9rique am\u00e9ricaine gratuite des articles de la recherche biom\u00e9dicale et des sciences de la vie, cr\u00e9\u00e9e par l&rsquo;US National Institutes of Health (NIH), d\u00e9velopp\u00e9 et administr\u00e9 par le NCBI \u00e0 la Biblioth\u00e8que nationale de m\u00e9decine (NLM).\u00a0Avec PubMed Central, la NLM a pris des initiatives pour pr\u00e9server et maintenir l&rsquo;acc\u00e8s \u00e0 la litt\u00e9rature \u00e9lectronique, tout comme elle l&rsquo;a fait depuis des d\u00e9cennies avec la litt\u00e9rature biom\u00e9dicale imprim\u00e9e.\u00a0PubMed Central a pour but d&rsquo;assurer le r\u00f4le d&rsquo;une biblioth\u00e8que de niveau mondial \u00e0 l&rsquo;\u00e8re du num\u00e9rique. La NLM estime que donner \u00e0 tous les utilisateurs un acc\u00e8s gratuit \u00e0 l&rsquo;information dans PubMed Central est le meilleur moyen d&rsquo;assurer la p\u00e9rennit\u00e9 et l&rsquo;utilit\u00e9 de l&rsquo;archive, m\u00eame si la technologie change avec le temps.<\/p>\n<p>PubMed Central suit les traces d&rsquo;autres services tr\u00e8s r\u00e9ussis et utiles, qui ont \u00e9t\u00e9 mis au point pour la communaut\u00e9 scientifique mondiale : GenBank et PubMed.<\/p>\n<p>GenBank, et les outils fournis par NCBI pour la recherche et la manipulation de son contenu, ont \u00e9t\u00e9 une aubaine pour les biologistes mol\u00e9culaires et ont aid\u00e9 les d\u00e9veloppements dans le domaine.<\/p>\n<p>PubMed (qui englobe Medline) est la base de donn\u00e9es de choix, pour les chercheurs et les cliniciens, pour trouver des articles pertinents et, dans bien des cas, un lien direct vers le site d&rsquo;un \u00e9diteur pour le texte int\u00e9gral.<\/p>\n<p>La participation des \u00e9diteurs dans PubMed Central (PMC) est volontaire, bien que des revues participantes doivent r\u00e9pondre \u00e0 certaines normes r\u00e9dactionnelles. Les \u00e9diteurs sont encourag\u00e9s \u00e0 d\u00e9poser tout leur contenu (et pas seulement des documents de recherche ou autre mat\u00e9riau choisi) dans PMC pour qu&rsquo;ainsi l&rsquo;archive devienne un \u00e9quivalent num\u00e9rique fid\u00e8le \u00e0 la NLM, vaste collection de revues imprim\u00e9es.<\/p>\n","protected":false},"excerpt":{"rendered":"<p>PubMed Central est une archive num\u00e9rique am\u00e9ricaine gratuite des articles de la recherche biom\u00e9dicale et des sciences de la vie, cr\u00e9\u00e9e par l&rsquo;US National Institutes of Health (NIH), d\u00e9velopp\u00e9 et administr\u00e9 par le NCBI \u00e0 la Biblioth\u00e8que nationale de m\u00e9decine (NLM).\u00a0Avec PubMed Central, la NLM a pris des initiatives pour pr\u00e9server et maintenir l&rsquo;acc\u00e8s \u00e0 &hellip; <\/p>\n<p class=\"link-more\"><a href=\"https:\/\/houpier.fr\/?page_id=668\" class=\"more-link\">Continuer la lecture<span class=\"screen-reader-text\"> de &laquo;&nbsp;PubMed Central&nbsp;&raquo;<\/span><\/a><\/p>\n","protected":false},"author":1,"featured_media":0,"parent":637,"menu_order":11,"comment_status":"open","ping_status":"open","template":"","meta":{"footnotes":""},"class_list":["post-668","page","type-page","status-publish","hentry"],"_links":{"self":[{"href":"https:\/\/houpier.fr\/index.php?rest_route=\/wp\/v2\/pages\/668","targetHints":{"allow":["GET"]}}],"collection":[{"href":"https:\/\/houpier.fr\/index.php?rest_route=\/wp\/v2\/pages"}],"about":[{"href":"https:\/\/houpier.fr\/index.php?rest_route=\/wp\/v2\/types\/page"}],"author":[{"embeddable":true,"href":"https:\/\/houpier.fr\/index.php?rest_route=\/wp\/v2\/users\/1"}],"replies":[{"embeddable":true,"href":"https:\/\/houpier.fr\/index.php?rest_route=%2Fwp%2Fv2%2Fcomments&post=668"}],"version-history":[{"count":0,"href":"https:\/\/houpier.fr\/index.php?rest_route=\/wp\/v2\/pages\/668\/revisions"}],"up":[{"embeddable":true,"href":"https:\/\/houpier.fr\/index.php?rest_route=\/wp\/v2\/pages\/637"}],"wp:attachment":[{"href":"https:\/\/houpier.fr\/index.php?rest_route=%2Fwp%2Fv2%2Fmedia&parent=668"}],"curies":[{"name":"wp","href":"https:\/\/api.w.org\/{rel}","templated":true}]}}