{"id":682,"date":"2010-01-06T15:53:50","date_gmt":"2010-01-06T13:53:50","guid":{"rendered":"http:\/\/houpier.blog.uhp-nancy.fr\/?page_id=682"},"modified":"2010-01-06T15:53:50","modified_gmt":"2010-01-06T13:53:50","slug":"1994-2009","status":"publish","type":"page","link":"https:\/\/houpier.fr\/?page_id=682","title":{"rendered":"1994 &#8211; 2009"},"content":{"rendered":"<ul>\n<li><a href=\"http:\/\/houpier.fr\/wp-content\/uploads\/2009\/11\/accueil_1994.pdf\">Accueil du public<\/a> \/ MEDIAL, 18-19 avril 1994<\/li>\n<li>Mettre en place un service de fourniture documentaire adapt\u00e9 \u00e0 ses publics \/ ENSSIB 2002 Module E 21<\/li>\n<li>Revues \u00e9lectroniques : gestion financi\u00e8re et aspects techniques \/ ENSSIB octobre 2002 <a href=\"http:\/\/houpier.fr\/wp-content\/uploads\/2009\/11\/Module-E602.ppt\">Module E602<\/a><\/li>\n<li>Revues \u00e9lectroniques : analyse de l&rsquo;offre, gestion, aspects techniques et organisationnels, services aux usagers \/ ENSSIB 13-16 octobre 2003<\/li>\n<li><a href=\"http:\/\/houpier.blog.uhp-nancy.fr\/files\/2009\/11\/paris8_080420041.pdf\">Journ\u00e9e d&rsquo;\u00e9tude \u00ab\u00a0Biblioth\u00e8ques num\u00e9riques\u00a0\u00bb<\/a> \/ Universit\u00e9 Paris 8, 8 avril 2004<\/li>\n<li><a href=\"http:\/\/houpier.blog.uhp-nancy.fr\/files\/2009\/11\/15juinatelier31.pdf\">Les rencontres 2004 des professionnels de l&rsquo;IST<\/a> : la mise en place de Ejournals \/ Nancy 15 juin 2004<\/li>\n<li>Stage ENSSIB Concevoir un service de r\u00e9f\u00e9rence en ligne en SCD : un service de r\u00e9f\u00e9rence en ligne en diff\u00e9r\u00e9 au SCD de Nancy 1 \/ ENSSIB 24 janvier 2005<\/li>\n<li><a href=\"http:\/\/houpier.fr\/wp-content\/uploads\/2009\/11\/ABF_30052005.pdf\">Internet dans les biblioth\u00e8ques et les biblioth\u00e8ques sur internet<\/a> \/ ABF Lorraine, 30 mai 2005<\/li>\n<li><a href=\"http:\/\/ebib.over-blog.com\/\" target=\"_blank\" rel=\"noopener noreferrer\">Journ\u00e9e d&rsquo;\u00e9tude consacr\u00e9e aux technologies du num\u00e9rique dans les biblioth\u00e8ques <\/a>: e-biblioth\u00e8ques\/ e-biblioth\u00e9caires\u00a0\/ ENSSIB 19 avril 2006<\/li>\n<li>Journ\u00e9es LOGCRI \/ Paris, 28-29 mars 2007 : les ressources p\u00e9dagogiques<\/li>\n<li>Journ\u00e9e Couperin : <a href=\"http:\/\/www.couperin.org\/spip.php?article563\">la f\u00e9d\u00e9ration d\u2019identit\u00e9s et l\u2019acc\u00e8s aux ressources documentaires<\/a> : N@ncy-clic et EZ Proxy\/Shibboleth \/ Paris Descartes 5 mars 2009 (<a href=\"http:\/\/mediatheque.parisdescartes.fr\/article.php3?id_article=3135\">video1<\/a>, <a href=\"http:\/\/mediatheque.parisdescartes.fr\/article.php3?id_article=3137\">video2<\/a>)<\/li>\n<li>Journ\u00e9es d\u2019\u00e9tude MEDIAL \/ Nancy, 8-9 juin 2009 : les catalogues de nouvelle g\u00e9n\u00e9ration (animation des 2 journ\u00e9es)<\/li>\n<li>Journ\u00e9e d&rsquo;\u00e9tude IUT Charlemagne \/ <a href=\"http:\/\/houpier.blog.uhp-nancy.fr\/files\/2009\/11\/IUT_20091001_affiche1.pdf\">La documentation dans le domaine de la sant\u00e9<\/a>, Nancy 1<sup>er<\/sup> octobre 2009<\/li>\n<\/ul>\n","protected":false},"excerpt":{"rendered":"<p>Accueil du public \/ MEDIAL, 18-19 avril 1994 Mettre en place un service de fourniture documentaire adapt\u00e9 \u00e0 ses publics \/ ENSSIB 2002 Module E 21 Revues \u00e9lectroniques : gestion financi\u00e8re et aspects techniques \/ ENSSIB octobre 2002 Module E602 Revues \u00e9lectroniques : analyse de l&rsquo;offre, gestion, aspects techniques et organisationnels, services aux usagers \/ &hellip; <\/p>\n<p class=\"link-more\"><a href=\"https:\/\/houpier.fr\/?page_id=682\" class=\"more-link\">Continuer la lecture<span class=\"screen-reader-text\"> de &laquo;&nbsp;1994 &#8211; 2009&nbsp;&raquo;<\/span><\/a><\/p>\n","protected":false},"author":1,"featured_media":0,"parent":578,"menu_order":10,"comment_status":"open","ping_status":"open","template":"","meta":{"footnotes":""},"class_list":["post-682","page","type-page","status-publish","hentry"],"_links":{"self":[{"href":"https:\/\/houpier.fr\/index.php?rest_route=\/wp\/v2\/pages\/682","targetHints":{"allow":["GET"]}}],"collection":[{"href":"https:\/\/houpier.fr\/index.php?rest_route=\/wp\/v2\/pages"}],"about":[{"href":"https:\/\/houpier.fr\/index.php?rest_route=\/wp\/v2\/types\/page"}],"author":[{"embeddable":true,"href":"https:\/\/houpier.fr\/index.php?rest_route=\/wp\/v2\/users\/1"}],"replies":[{"embeddable":true,"href":"https:\/\/houpier.fr\/index.php?rest_route=%2Fwp%2Fv2%2Fcomments&post=682"}],"version-history":[{"count":0,"href":"https:\/\/houpier.fr\/index.php?rest_route=\/wp\/v2\/pages\/682\/revisions"}],"up":[{"embeddable":true,"href":"https:\/\/houpier.fr\/index.php?rest_route=\/wp\/v2\/pages\/578"}],"wp:attachment":[{"href":"https:\/\/houpier.fr\/index.php?rest_route=%2Fwp%2Fv2%2Fmedia&parent=682"}],"curies":[{"name":"wp","href":"https:\/\/api.w.org\/{rel}","templated":true}]}}