{"id":693,"date":"2010-01-07T13:08:37","date_gmt":"2010-01-07T11:08:37","guid":{"rendered":"http:\/\/houpier.blog.uhp-nancy.fr\/?page_id=693"},"modified":"2010-01-07T13:08:37","modified_gmt":"2010-01-07T11:08:37","slug":"open-citation-project","status":"publish","type":"page","link":"https:\/\/houpier.fr\/?page_id=693","title":{"rendered":"Open Citation Project"},"content":{"rendered":"<p><a href=\"http:\/\/houpier.fr\/wp-content\/uploads\/2010\/01\/OA50.gif\"><img loading=\"lazy\" decoding=\"async\" class=\"alignnone size-full wp-image-770\" title=\"OA50\" src=\"http:\/\/houpier.fr\/wp-content\/uploads\/2010\/01\/OA50.gif\" alt=\"\" width=\"50\" height=\"35\" \/><\/a><\/p>\n<p><a href=\"http:\/\/opcit.eprints.org\/\" target=\"_blank\" rel=\"noopener noreferrer\">Open Citation Project<\/a> d\u00e9veloppe des produits et des services soutenus par l&rsquo;Open Archive Initiative.<\/p>\n<ul>\n<li><a href=\"http:\/\/www.citebase.org\/\">Citebase<\/a> Outil de recherche des taux de citation (OAI est prestataire de services), et qui est maintenant utilis\u00e9 par les utilisateurs\u00a0de l&rsquo;entrep\u00f4t\u00a0<a href=\"http:\/\/arxiv.org\/abs\/hep-th\/9711200\">arXiv<\/a>.<\/li>\n<li><a href=\"http:\/\/software.eprints.org\/\">GNU EPrints<\/a> Outil permettant de cr\u00e9er un entrep\u00f4t conforme au protocle OAI.<\/li>\n<li><a href=\"http:\/\/opcit.eprints.org\/oacitation-biblio.html\">Open access impact bibliography<\/a>. L&rsquo;Open Acces impacte les bibliographies. Pourquoi, dans l&rsquo;ensemble, les documents en libre acc\u00e8s g\u00e9n\u00e8rent-ils plus de citations (mises \u00e0 jour depuis 2004) ?<\/li>\n<\/ul>\n","protected":false},"excerpt":{"rendered":"<p>Open Citation Project d\u00e9veloppe des produits et des services soutenus par l&rsquo;Open Archive Initiative. Citebase Outil de recherche des taux de citation (OAI est prestataire de services), et qui est maintenant utilis\u00e9 par les utilisateurs\u00a0de l&rsquo;entrep\u00f4t\u00a0arXiv. GNU EPrints Outil permettant de cr\u00e9er un entrep\u00f4t conforme au protocle OAI. Open access impact bibliography. L&rsquo;Open Acces impacte &hellip; <\/p>\n<p class=\"link-more\"><a href=\"https:\/\/houpier.fr\/?page_id=693\" class=\"more-link\">Continuer la lecture<span class=\"screen-reader-text\"> de &laquo;&nbsp;Open Citation Project&nbsp;&raquo;<\/span><\/a><\/p>\n","protected":false},"author":1,"featured_media":0,"parent":637,"menu_order":0,"comment_status":"open","ping_status":"open","template":"","meta":{"footnotes":""},"class_list":["post-693","page","type-page","status-publish","hentry"],"_links":{"self":[{"href":"https:\/\/houpier.fr\/index.php?rest_route=\/wp\/v2\/pages\/693","targetHints":{"allow":["GET"]}}],"collection":[{"href":"https:\/\/houpier.fr\/index.php?rest_route=\/wp\/v2\/pages"}],"about":[{"href":"https:\/\/houpier.fr\/index.php?rest_route=\/wp\/v2\/types\/page"}],"author":[{"embeddable":true,"href":"https:\/\/houpier.fr\/index.php?rest_route=\/wp\/v2\/users\/1"}],"replies":[{"embeddable":true,"href":"https:\/\/houpier.fr\/index.php?rest_route=%2Fwp%2Fv2%2Fcomments&post=693"}],"version-history":[{"count":0,"href":"https:\/\/houpier.fr\/index.php?rest_route=\/wp\/v2\/pages\/693\/revisions"}],"up":[{"embeddable":true,"href":"https:\/\/houpier.fr\/index.php?rest_route=\/wp\/v2\/pages\/637"}],"wp:attachment":[{"href":"https:\/\/houpier.fr\/index.php?rest_route=%2Fwp%2Fv2%2Fmedia&parent=693"}],"curies":[{"name":"wp","href":"https:\/\/api.w.org\/{rel}","templated":true}]}}