{"id":695,"date":"2010-01-07T13:09:34","date_gmt":"2010-01-07T11:09:34","guid":{"rendered":"http:\/\/houpier.blog.uhp-nancy.fr\/?page_id=695"},"modified":"2010-01-07T13:09:34","modified_gmt":"2010-01-07T11:09:34","slug":"citeseer","status":"publish","type":"page","link":"https:\/\/houpier.fr\/?page_id=695","title":{"rendered":"CiteSeer"},"content":{"rendered":"<p><a href=\"http:\/\/citeseer.ist.psu.edu\/citeseer.html\" target=\"_blank\" rel=\"noopener noreferrer\">CiteSeer<\/a> est une biblioth\u00e8que num\u00e9rique de litt\u00e9rature scientifique et un moteur de recherche pour les communications scientifiques des universitaires.<\/p>\n<p>CiteSeer a \u00e9t\u00e9 \u00e9labor\u00e9 en 1997 \u00e0 l&rsquo;Institut de recherche NEC, Princeton, New Jersey, par Steve Lawrence, Lee Giles et Kurt Bollacker.\u00a0Il est d\u00e9sormais h\u00e9berg\u00e9 au Coll\u00e8ge de la Pennsylvania State University of Information Sciences and Technology sous la direction du professeur Lee Giles.\u00a0Isaac Councill en est l&rsquo;actuel administrateur et directeur technique. Il est h\u00e9berg\u00e9 sur le World Wide Web \u00e0 l&rsquo;\u00c9cole des sciences de l&rsquo;information et de la technologie (Pennsylvania State University), et recense plus de 700.000 documents, principalement dans les domaines de l&rsquo;informatique, des sciences de l&rsquo;information et en ing\u00e9nierie.<\/p>\n<p>L&rsquo;objectif \u00e9tait d&rsquo;am\u00e9liorer la diffusion et l&rsquo;acc\u00e8s \u00e0 la litt\u00e9rature universitaire et scientifique.\u00a0En tant que service sans but lucratif, CiteSeer a \u00e9t\u00e9 consid\u00e9r\u00e9 comme faisant partie du mouvement du libre acc\u00e8s qui tente de changer le mod\u00e8le de l&rsquo;\u00e9dition universitaire et scientifique, afin de permettre un meilleur acc\u00e8s \u00e0 la litt\u00e9rature scientifique.<\/p>\n<p>CiteSeer fournit librement les m\u00e9tadonn\u00e9es OAI de tous les documents index\u00e9s.<\/p>\n","protected":false},"excerpt":{"rendered":"<p>CiteSeer est une biblioth\u00e8que num\u00e9rique de litt\u00e9rature scientifique et un moteur de recherche pour les communications scientifiques des universitaires. CiteSeer a \u00e9t\u00e9 \u00e9labor\u00e9 en 1997 \u00e0 l&rsquo;Institut de recherche NEC, Princeton, New Jersey, par Steve Lawrence, Lee Giles et Kurt Bollacker.\u00a0Il est d\u00e9sormais h\u00e9berg\u00e9 au Coll\u00e8ge de la Pennsylvania State University of Information Sciences and &hellip; <\/p>\n<p class=\"link-more\"><a href=\"https:\/\/houpier.fr\/?page_id=695\" class=\"more-link\">Continuer la lecture<span class=\"screen-reader-text\"> de &laquo;&nbsp;CiteSeer&nbsp;&raquo;<\/span><\/a><\/p>\n","protected":false},"author":1,"featured_media":0,"parent":637,"menu_order":0,"comment_status":"open","ping_status":"open","template":"","meta":{"footnotes":""},"class_list":["post-695","page","type-page","status-publish","hentry"],"_links":{"self":[{"href":"https:\/\/houpier.fr\/index.php?rest_route=\/wp\/v2\/pages\/695","targetHints":{"allow":["GET"]}}],"collection":[{"href":"https:\/\/houpier.fr\/index.php?rest_route=\/wp\/v2\/pages"}],"about":[{"href":"https:\/\/houpier.fr\/index.php?rest_route=\/wp\/v2\/types\/page"}],"author":[{"embeddable":true,"href":"https:\/\/houpier.fr\/index.php?rest_route=\/wp\/v2\/users\/1"}],"replies":[{"embeddable":true,"href":"https:\/\/houpier.fr\/index.php?rest_route=%2Fwp%2Fv2%2Fcomments&post=695"}],"version-history":[{"count":0,"href":"https:\/\/houpier.fr\/index.php?rest_route=\/wp\/v2\/pages\/695\/revisions"}],"up":[{"embeddable":true,"href":"https:\/\/houpier.fr\/index.php?rest_route=\/wp\/v2\/pages\/637"}],"wp:attachment":[{"href":"https:\/\/houpier.fr\/index.php?rest_route=%2Fwp%2Fv2%2Fmedia&parent=695"}],"curies":[{"name":"wp","href":"https:\/\/api.w.org\/{rel}","templated":true}]}}