{"id":700,"date":"2010-01-11T17:12:55","date_gmt":"2010-01-11T15:12:55","guid":{"rendered":"http:\/\/houpier.blog.uhp-nancy.fr\/?page_id=700"},"modified":"2010-01-11T17:12:55","modified_gmt":"2010-01-11T15:12:55","slug":"learning-centres","status":"publish","type":"page","link":"https:\/\/houpier.fr\/?page_id=700","title":{"rendered":"Learning centres"},"content":{"rendered":"<p><a href=\"http:\/\/media.enseignementsup-recherche.gouv.fr\/file\/2009\/33\/6\/Rapport_Learning_Centers_7-12_RV_131336.pdf\" target=\"_blank\" rel=\"noopener noreferrer\">Rapport IGB &#8211; n\u00b0 2009-022 d\u00e9cembre 2009<\/a><\/p>\n<p>\u00ab Zone de la biblioth\u00e8que d\u00e9di\u00e9e aux objectifs d\u2019apprentissage des connaissances. Elle int\u00e8gre le plus souvent la biblioth\u00e8que et les services li\u00e9s aux nouvelles technologies, avec dans la plupart des cas, un r\u00e9seau sans fil, des \u00e9quipements multim\u00e9dia et des services d\u2019aide aux utilisateurs par des biblioth\u00e9caires ou des sp\u00e9cialistes des technologies. Un Learning centre peut \u00eatre, selon les cas, un \u00e9quipement distinct, \u00e0 l\u2019int\u00e9rieur ou \u00e0 l\u2019ext\u00e9rieur de la biblioth\u00e8que, ou une partie int\u00e9grante de la biblioth\u00e8que. \u00bb<\/p>\n<p>(Qualitative conditions and basic statistics for library buildings : space, function and design \u00bb ISO Technical report 11 219)<\/p>\n<p><a href=\"http:\/\/www.flickr.com\/photos\/jiscinfonet\/show\/\" target=\"_blank\" rel=\"noopener noreferrer\">Diaporama<\/a><\/p>\n","protected":false},"excerpt":{"rendered":"<p>Rapport IGB &#8211; n\u00b0 2009-022 d\u00e9cembre 2009 \u00ab Zone de la biblioth\u00e8que d\u00e9di\u00e9e aux objectifs d\u2019apprentissage des connaissances. Elle int\u00e8gre le plus souvent la biblioth\u00e8que et les services li\u00e9s aux nouvelles technologies, avec dans la plupart des cas, un r\u00e9seau sans fil, des \u00e9quipements multim\u00e9dia et des services d\u2019aide aux utilisateurs par des biblioth\u00e9caires ou &hellip; <\/p>\n<p class=\"link-more\"><a href=\"https:\/\/houpier.fr\/?page_id=700\" class=\"more-link\">Continuer la lecture<span class=\"screen-reader-text\"> de &laquo;&nbsp;Learning centres&nbsp;&raquo;<\/span><\/a><\/p>\n","protected":false},"author":1,"featured_media":0,"parent":637,"menu_order":0,"comment_status":"open","ping_status":"open","template":"","meta":{"footnotes":""},"class_list":["post-700","page","type-page","status-publish","hentry"],"_links":{"self":[{"href":"https:\/\/houpier.fr\/index.php?rest_route=\/wp\/v2\/pages\/700","targetHints":{"allow":["GET"]}}],"collection":[{"href":"https:\/\/houpier.fr\/index.php?rest_route=\/wp\/v2\/pages"}],"about":[{"href":"https:\/\/houpier.fr\/index.php?rest_route=\/wp\/v2\/types\/page"}],"author":[{"embeddable":true,"href":"https:\/\/houpier.fr\/index.php?rest_route=\/wp\/v2\/users\/1"}],"replies":[{"embeddable":true,"href":"https:\/\/houpier.fr\/index.php?rest_route=%2Fwp%2Fv2%2Fcomments&post=700"}],"version-history":[{"count":0,"href":"https:\/\/houpier.fr\/index.php?rest_route=\/wp\/v2\/pages\/700\/revisions"}],"up":[{"embeddable":true,"href":"https:\/\/houpier.fr\/index.php?rest_route=\/wp\/v2\/pages\/637"}],"wp:attachment":[{"href":"https:\/\/houpier.fr\/index.php?rest_route=%2Fwp%2Fv2%2Fmedia&parent=700"}],"curies":[{"name":"wp","href":"https:\/\/api.w.org\/{rel}","templated":true}]}}